{"id":4098,"date":"2020-05-26T01:03:05","date_gmt":"2020-05-26T04:03:05","guid":{"rendered":"https:\/\/ponchosargentinos.com.ar\/?post_type=product&#038;p=4098"},"modified":"2025-05-14T19:58:37","modified_gmt":"2025-05-14T22:58:37","slug":"liviano-jujeno","status":"publish","type":"product","link":"https:\/\/ponchosargentinos.com.ar\/?product=liviano-jujeno","title":{"rendered":"Liviano Juje\u00f1o"},"content":{"rendered":"<p>Medidas 1.80*1.30 m\u00e1s los flecos<\/p>\n<p>Poncho caracter\u00edstico de la Provincia de Jujuy<\/p>\n","protected":false},"excerpt":{"rendered":"<p>Medidas 1.80*1.30 m\u00e1s los flecos Poncho caracter\u00edstico de la Provincia de Jujuy<\/p>\n","protected":false},"featured_media":4099,"comment_status":"open","ping_status":"closed","template":"","meta":{"site-sidebar-layout":"default","site-content-layout":"default","ast-site-content-layout":"default","site-content-style":"default","site-sidebar-style":"default","ast-global-header-display":"","ast-banner-title-visibility":"","ast-main-header-display":"","ast-hfb-above-header-display":"","ast-hfb-below-header-display":"","ast-hfb-mobile-header-display":"","site-post-title":"","ast-breadcrumbs-content":"","ast-featured-img":"","footer-sml-layout":"","ast-disable-related-posts":"","theme-transparent-header-meta":"default","adv-header-id-meta":"","stick-header-meta":"","header-above-stick-meta":"","header-main-stick-meta":"","header-below-stick-meta":"","astra-migrate-meta-layouts":"default","ast-page-background-enabled":"default","ast-page-background-meta":{"desktop":{"background-color":"","background-image":"","background-repeat":"repeat","background-position":"center center","background-size":"auto","background-attachment":"scroll","background-type":"","background-media":"","overlay-type":"","overlay-color":"","overlay-opacity":"","overlay-gradient":""},"tablet":{"background-color":"","background-image":"","background-repeat":"repeat","background-position":"center center","background-size":"auto","background-attachment":"scroll","background-type":"","background-media":"","overlay-type":"","overlay-color":"","overlay-opacity":"","overlay-gradient":""},"mobile":{"background-color":"","background-image":"","background-repeat":"repeat","background-position":"center center","background-size":"auto","background-attachment":"scroll","background-type":"","background-media":"","overlay-type":"","overlay-color":"","overlay-opacity":"","overlay-gradient":""}},"ast-content-background-meta":{"desktop":{"background-color":"var(--ast-global-color-5)","background-image":"","background-repeat":"repeat","background-position":"center center","background-size":"auto","background-attachment":"scroll","background-type":"","background-media":"","overlay-type":"","overlay-color":"","overlay-opacity":"","overlay-gradient":""},"tablet":{"background-color":"var(--ast-global-color-5)","background-image":"","background-repeat":"repeat","background-position":"center center","background-size":"auto","background-attachment":"scroll","background-type":"","background-media":"","overlay-type":"","overlay-color":"","overlay-opacity":"","overlay-gradient":""},"mobile":{"background-color":"var(--ast-global-color-5)","background-image":"","background-repeat":"repeat","background-position":"center center","background-size":"auto","background-attachment":"scroll","background-type":"","background-media":"","overlay-type":"","overlay-color":"","overlay-opacity":"","overlay-gradient":""}}},"product_brand":[],"product_cat":[94],"product_tag":[],"class_list":{"0":"post-4098","1":"product","2":"type-product","3":"status-publish","4":"has-post-thumbnail","6":"product_cat-provincias","7":"desktop-align-center","8":"tablet-align-center","9":"mobile-align-center","11":"first","12":"outofstock","13":"shipping-taxable","14":"purchasable","15":"product-type-simple"},"yoast_head":"<!-- This site is optimized with the Yoast SEO plugin v27.1.1 - https:\/\/yoast.com\/product\/yoast-seo-wordpress\/ -->\n<title>Liviano Juje\u00f1o - Ponchos Argentinos<\/title>\n<meta name=\"robots\" content=\"index, follow, max-snippet:-1, max-image-preview:large, max-video-preview:-1\" \/>\n<link rel=\"canonical\" href=\"https:\/\/ponchosargentinos.com.ar\/?product=liviano-jujeno\" \/>\n<meta property=\"og:locale\" content=\"es_ES\" \/>\n<meta property=\"og:type\" content=\"article\" \/>\n<meta property=\"og:title\" content=\"Liviano Juje\u00f1o - Ponchos Argentinos\" \/>\n<meta property=\"og:description\" content=\"Medidas 1.80*1.30 m\u00e1s los flecos Poncho caracter\u00edstico de la Provincia de Jujuy\" \/>\n<meta property=\"og:url\" content=\"https:\/\/ponchosargentinos.com.ar\/?product=liviano-jujeno\" \/>\n<meta property=\"og:site_name\" content=\"Ponchos Argentinos\" \/>\n<meta property=\"article:publisher\" content=\"https:\/\/www.facebook.com\/ponchofolkloricos\/\" \/>\n<meta property=\"article:modified_time\" content=\"2025-05-14T22:58:37+00:00\" \/>\n<meta property=\"og:image\" content=\"https:\/\/ponchosargentinos.com.ar\/wp-content\/uploads\/2020\/05\/5ec5692c-67a7-4931-be56-be155b105469.jpg\" \/>\n\t<meta property=\"og:image:width\" content=\"1210\" \/>\n\t<meta property=\"og:image:height\" content=\"1280\" \/>\n\t<meta property=\"og:image:type\" content=\"image\/jpeg\" \/>\n<meta name=\"twitter:card\" content=\"summary_large_image\" \/>\n<script type=\"application\/ld+json\" class=\"yoast-schema-graph\">{\"@context\":\"https:\/\/schema.org\",\"@graph\":[{\"@type\":\"WebPage\",\"@id\":\"https:\/\/ponchosargentinos.com.ar\/?product=liviano-jujeno\",\"url\":\"https:\/\/ponchosargentinos.com.ar\/?product=liviano-jujeno\",\"name\":\"Liviano Juje\u00f1o - Ponchos Argentinos\",\"isPartOf\":{\"@id\":\"https:\/\/ponchosargentinos.com.ar\/#website\"},\"primaryImageOfPage\":{\"@id\":\"https:\/\/ponchosargentinos.com.ar\/?product=liviano-jujeno#primaryimage\"},\"image\":{\"@id\":\"https:\/\/ponchosargentinos.com.ar\/?product=liviano-jujeno#primaryimage\"},\"thumbnailUrl\":\"https:\/\/i0.wp.com\/ponchosargentinos.com.ar\/wp-content\/uploads\/2020\/05\/5ec5692c-67a7-4931-be56-be155b105469.jpg?fit=1210%2C1280&ssl=1\",\"datePublished\":\"2020-05-26T04:03:05+00:00\",\"dateModified\":\"2025-05-14T22:58:37+00:00\",\"breadcrumb\":{\"@id\":\"https:\/\/ponchosargentinos.com.ar\/?product=liviano-jujeno#breadcrumb\"},\"inLanguage\":\"es-AR\",\"potentialAction\":[{\"@type\":\"ReadAction\",\"target\":[\"https:\/\/ponchosargentinos.com.ar\/?product=liviano-jujeno\"]}]},{\"@type\":\"ImageObject\",\"inLanguage\":\"es-AR\",\"@id\":\"https:\/\/ponchosargentinos.com.ar\/?product=liviano-jujeno#primaryimage\",\"url\":\"https:\/\/i0.wp.com\/ponchosargentinos.com.ar\/wp-content\/uploads\/2020\/05\/5ec5692c-67a7-4931-be56-be155b105469.jpg?fit=1210%2C1280&ssl=1\",\"contentUrl\":\"https:\/\/i0.wp.com\/ponchosargentinos.com.ar\/wp-content\/uploads\/2020\/05\/5ec5692c-67a7-4931-be56-be155b105469.jpg?fit=1210%2C1280&ssl=1\",\"width\":1210,\"height\":1280},{\"@type\":\"BreadcrumbList\",\"@id\":\"https:\/\/ponchosargentinos.com.ar\/?product=liviano-jujeno#breadcrumb\",\"itemListElement\":[{\"@type\":\"ListItem\",\"position\":1,\"name\":\"Inicio\",\"item\":\"https:\/\/ponchosargentinos.com.ar\/\"},{\"@type\":\"ListItem\",\"position\":2,\"name\":\"Tienda\",\"item\":\"https:\/\/ponchosargentinos.com.ar\/?page_id=401\"},{\"@type\":\"ListItem\",\"position\":3,\"name\":\"Liviano Juje\u00f1o\"}]},{\"@type\":\"WebSite\",\"@id\":\"https:\/\/ponchosargentinos.com.ar\/#website\",\"url\":\"https:\/\/ponchosargentinos.com.ar\/\",\"name\":\"ponchosfolkloricos.com.ar\",\"description\":\"Venta de Indumentaria Tradicional\",\"publisher\":{\"@id\":\"https:\/\/ponchosargentinos.com.ar\/#organization\"},\"potentialAction\":[{\"@type\":\"SearchAction\",\"target\":{\"@type\":\"EntryPoint\",\"urlTemplate\":\"https:\/\/ponchosargentinos.com.ar\/?s={search_term_string}\"},\"query-input\":{\"@type\":\"PropertyValueSpecification\",\"valueRequired\":true,\"valueName\":\"search_term_string\"}}],\"inLanguage\":\"es-AR\"},{\"@type\":\"Organization\",\"@id\":\"https:\/\/ponchosargentinos.com.ar\/#organization\",\"name\":\"HORNOCAL\",\"url\":\"https:\/\/ponchosargentinos.com.ar\/\",\"logo\":{\"@type\":\"ImageObject\",\"inLanguage\":\"es-AR\",\"@id\":\"https:\/\/ponchosargentinos.com.ar\/#\/schema\/logo\/image\/\",\"url\":\"https:\/\/ponchosfolkloricos.com.ar\/wp-content\/uploads\/2020\/05\/coollogo_com-9561438.png\",\"contentUrl\":\"https:\/\/ponchosfolkloricos.com.ar\/wp-content\/uploads\/2020\/05\/coollogo_com-9561438.png\",\"width\":578,\"height\":151,\"caption\":\"HORNOCAL\"},\"image\":{\"@id\":\"https:\/\/ponchosargentinos.com.ar\/#\/schema\/logo\/image\/\"},\"sameAs\":[\"https:\/\/www.facebook.com\/ponchofolkloricos\/\"]}]}<\/script>\n<!-- \/ Yoast SEO plugin. -->","yoast_head_json":{"title":"Liviano Juje\u00f1o - Ponchos Argentinos","robots":{"index":"index","follow":"follow","max-snippet":"max-snippet:-1","max-image-preview":"max-image-preview:large","max-video-preview":"max-video-preview:-1"},"canonical":"https:\/\/ponchosargentinos.com.ar\/?product=liviano-jujeno","og_locale":"es_ES","og_type":"article","og_title":"Liviano Juje\u00f1o - Ponchos Argentinos","og_description":"Medidas 1.80*1.30 m\u00e1s los flecos Poncho caracter\u00edstico de la Provincia de Jujuy","og_url":"https:\/\/ponchosargentinos.com.ar\/?product=liviano-jujeno","og_site_name":"Ponchos Argentinos","article_publisher":"https:\/\/www.facebook.com\/ponchofolkloricos\/","article_modified_time":"2025-05-14T22:58:37+00:00","og_image":[{"width":1210,"height":1280,"url":"https:\/\/ponchosargentinos.com.ar\/wp-content\/uploads\/2020\/05\/5ec5692c-67a7-4931-be56-be155b105469.jpg","type":"image\/jpeg"}],"twitter_card":"summary_large_image","schema":{"@context":"https:\/\/schema.org","@graph":[{"@type":"WebPage","@id":"https:\/\/ponchosargentinos.com.ar\/?product=liviano-jujeno","url":"https:\/\/ponchosargentinos.com.ar\/?product=liviano-jujeno","name":"Liviano Juje\u00f1o - Ponchos Argentinos","isPartOf":{"@id":"https:\/\/ponchosargentinos.com.ar\/#website"},"primaryImageOfPage":{"@id":"https:\/\/ponchosargentinos.com.ar\/?product=liviano-jujeno#primaryimage"},"image":{"@id":"https:\/\/ponchosargentinos.com.ar\/?product=liviano-jujeno#primaryimage"},"thumbnailUrl":"https:\/\/i0.wp.com\/ponchosargentinos.com.ar\/wp-content\/uploads\/2020\/05\/5ec5692c-67a7-4931-be56-be155b105469.jpg?fit=1210%2C1280&ssl=1","datePublished":"2020-05-26T04:03:05+00:00","dateModified":"2025-05-14T22:58:37+00:00","breadcrumb":{"@id":"https:\/\/ponchosargentinos.com.ar\/?product=liviano-jujeno#breadcrumb"},"inLanguage":"es-AR","potentialAction":[{"@type":"ReadAction","target":["https:\/\/ponchosargentinos.com.ar\/?product=liviano-jujeno"]}]},{"@type":"ImageObject","inLanguage":"es-AR","@id":"https:\/\/ponchosargentinos.com.ar\/?product=liviano-jujeno#primaryimage","url":"https:\/\/i0.wp.com\/ponchosargentinos.com.ar\/wp-content\/uploads\/2020\/05\/5ec5692c-67a7-4931-be56-be155b105469.jpg?fit=1210%2C1280&ssl=1","contentUrl":"https:\/\/i0.wp.com\/ponchosargentinos.com.ar\/wp-content\/uploads\/2020\/05\/5ec5692c-67a7-4931-be56-be155b105469.jpg?fit=1210%2C1280&ssl=1","width":1210,"height":1280},{"@type":"BreadcrumbList","@id":"https:\/\/ponchosargentinos.com.ar\/?product=liviano-jujeno#breadcrumb","itemListElement":[{"@type":"ListItem","position":1,"name":"Inicio","item":"https:\/\/ponchosargentinos.com.ar\/"},{"@type":"ListItem","position":2,"name":"Tienda","item":"https:\/\/ponchosargentinos.com.ar\/?page_id=401"},{"@type":"ListItem","position":3,"name":"Liviano Juje\u00f1o"}]},{"@type":"WebSite","@id":"https:\/\/ponchosargentinos.com.ar\/#website","url":"https:\/\/ponchosargentinos.com.ar\/","name":"ponchosfolkloricos.com.ar","description":"Venta de Indumentaria Tradicional","publisher":{"@id":"https:\/\/ponchosargentinos.com.ar\/#organization"},"potentialAction":[{"@type":"SearchAction","target":{"@type":"EntryPoint","urlTemplate":"https:\/\/ponchosargentinos.com.ar\/?s={search_term_string}"},"query-input":{"@type":"PropertyValueSpecification","valueRequired":true,"valueName":"search_term_string"}}],"inLanguage":"es-AR"},{"@type":"Organization","@id":"https:\/\/ponchosargentinos.com.ar\/#organization","name":"HORNOCAL","url":"https:\/\/ponchosargentinos.com.ar\/","logo":{"@type":"ImageObject","inLanguage":"es-AR","@id":"https:\/\/ponchosargentinos.com.ar\/#\/schema\/logo\/image\/","url":"https:\/\/ponchosfolkloricos.com.ar\/wp-content\/uploads\/2020\/05\/coollogo_com-9561438.png","contentUrl":"https:\/\/ponchosfolkloricos.com.ar\/wp-content\/uploads\/2020\/05\/coollogo_com-9561438.png","width":578,"height":151,"caption":"HORNOCAL"},"image":{"@id":"https:\/\/ponchosargentinos.com.ar\/#\/schema\/logo\/image\/"},"sameAs":["https:\/\/www.facebook.com\/ponchofolkloricos\/"]}]}},"jetpack_sharing_enabled":true,"_links":{"self":[{"href":"https:\/\/ponchosargentinos.com.ar\/index.php?rest_route=\/wp\/v2\/product\/4098","targetHints":{"allow":["GET"]}}],"collection":[{"href":"https:\/\/ponchosargentinos.com.ar\/index.php?rest_route=\/wp\/v2\/product"}],"about":[{"href":"https:\/\/ponchosargentinos.com.ar\/index.php?rest_route=\/wp\/v2\/types\/product"}],"replies":[{"embeddable":true,"href":"https:\/\/ponchosargentinos.com.ar\/index.php?rest_route=%2Fwp%2Fv2%2Fcomments&post=4098"}],"wp:featuredmedia":[{"embeddable":true,"href":"https:\/\/ponchosargentinos.com.ar\/index.php?rest_route=\/wp\/v2\/media\/4099"}],"wp:attachment":[{"href":"https:\/\/ponchosargentinos.com.ar\/index.php?rest_route=%2Fwp%2Fv2%2Fmedia&parent=4098"}],"wp:term":[{"taxonomy":"product_brand","embeddable":true,"href":"https:\/\/ponchosargentinos.com.ar\/index.php?rest_route=%2Fwp%2Fv2%2Fproduct_brand&post=4098"},{"taxonomy":"product_cat","embeddable":true,"href":"https:\/\/ponchosargentinos.com.ar\/index.php?rest_route=%2Fwp%2Fv2%2Fproduct_cat&post=4098"},{"taxonomy":"product_tag","embeddable":true,"href":"https:\/\/ponchosargentinos.com.ar\/index.php?rest_route=%2Fwp%2Fv2%2Fproduct_tag&post=4098"}],"curies":[{"name":"wp","href":"https:\/\/api.w.org\/{rel}","templated":true}]}}